{"id":358,"date":"2017-11-08T11:55:07","date_gmt":"2017-11-08T10:55:07","guid":{"rendered":"http:\/\/bridge106.qodeinteractive.com\/?page_id=4"},"modified":"2018-11-16T09:36:30","modified_gmt":"2018-11-16T08:36:30","slug":"index","status":"publish","type":"page","link":"https:\/\/depidor.com\/es\/","title":{"rendered":"Index"},"content":{"rendered":"<section class=\"wpb-content-wrapper\"><p>[vc_row css_animation=\u00bb\u00bb row_type=\u00bbrow\u00bb use_row_as_full_screen_section=\u00bbno\u00bb type=\u00bbfull_width\u00bb angled_section=\u00bbno\u00bb text_align=\u00bbleft\u00bb background_image_as_pattern=\u00bbwithout_pattern\u00bb css=\u00bb.vc_custom_1520245626965{margin-bottom: 90px !important;padding-top: 90px !important;background-color: #ffffff !important;}\u00bb z_index=\u00bb\u00bb][vc_column][vc_row_inner row_type=\u00bbrow\u00bb type=\u00bbgrid\u00bb text_align=\u00bbleft\u00bb css_animation=\u00bb\u00bb][vc_column_inner width=\u00bb1\/6&#8243;][\/vc_column_inner][vc_column_inner width=\u00bb2\/3&#8243;][vc_column_text]<\/p>\n<h2 style=\"text-align: center;\">Un nuevo centro de depilaci\u00f3n y belleza en Reus<\/h2>\n<p>[\/vc_column_text][vc_empty_space height=\u00bb30px\u00bb][vc_column_text el_class=\u00bbjustify\u00bb]Nuestros nuevo centro de belleza\u00a0 Depi d&#8217;Or es un espacio de culto al cuerpo tanto femenino como masculino. Un espacio donde cuidar la belleza de nuestros clientes es nuestra m\u00e1xima premisa.<\/p>\n<p>Nuestra trayectoria de m\u00e1s de 10 a\u00f1os como centro de belleza nos hace un lugar de referencia en Reus.<\/p>\n<p>Nuestros servicios de depilaci\u00f3n, tratamientos faciales o corporales entre otros servicios hacen de nuestro centro un espacio integral para el cuidado personal.<\/p>\n<p>Nuestro nuevo espacio cuenta con un equipo de <strong>ocho profesionales<\/strong> con una larga experiencia de <strong>unas instalaciones totalmente renovadas<\/strong> y adaptadas a los nuevos tratamientos.[\/vc_column_text][\/vc_column_inner][vc_column_inner width=\u00bb1\/6&#8243;][\/vc_column_inner][\/vc_row_inner][vc_empty_space height=\u00bb90px\u00bb]<div class='qode_image_gallery_no_space light highlight_active'><div class='qode_image_gallery_holder' style='height: 350px;'><ul style = \"background-color: rgba(255,255,255,0.55)\" ><li style = \"opacity: 0.7\" ><div style=\"height: 350px; width:467px;\"><a itemprop=\"image\" class=\"prettyphoto\" rel=\"prettyPhoto[rel-1321868168]\" href=\"https:\/\/depidor.com\/wp-content\/uploads\/2018\/03\/depidor-reus-1.jpg\"><img decoding=\"async\" itemprop=\"image\" src=\"https:\/\/depidor.com\/wp-content\/uploads\/2018\/03\/depidor-reus-1.jpg\" alt=\"depidor-reus\" \/><\/a><\/div><\/li><li style = \"opacity: 0.7\" ><div style=\"height: 350px; width:467px;\"><a itemprop=\"image\" class=\"prettyphoto\" rel=\"prettyPhoto[rel-1321868168]\" href=\"https:\/\/depidor.com\/wp-content\/uploads\/2018\/03\/depidor.jpg\"><img decoding=\"async\" itemprop=\"image\" src=\"https:\/\/depidor.com\/wp-content\/uploads\/2018\/03\/depidor.jpg\" alt=\"Hall y zona de espera\" \/><\/a><\/div><\/li><li style = \"opacity: 0.7\" ><div style=\"height: 350px; width:747px;\"><a itemprop=\"image\" class=\"prettyphoto\" rel=\"prettyPhoto[rel-1321868168]\" href=\"https:\/\/depidor.com\/wp-content\/uploads\/2018\/03\/depidor-cabecera-2.jpg\"><img decoding=\"async\" itemprop=\"image\" src=\"https:\/\/depidor.com\/wp-content\/uploads\/2018\/03\/depidor-cabecera-2.jpg\" alt=\"Depidor depilaci\u00f3n y belleza\" \/><\/a><\/div><\/li><li style = \"opacity: 0.7\" ><div style=\"height: 350px; width:550px;\"><a itemprop=\"image\" class=\"prettyphoto\" rel=\"prettyPhoto[rel-1321868168]\" href=\"https:\/\/depidor.com\/wp-content\/uploads\/2018\/03\/depidor-8.jpg\"><img decoding=\"async\" itemprop=\"image\" src=\"https:\/\/depidor.com\/wp-content\/uploads\/2018\/03\/depidor-8.jpg\" alt=\"Zona de cosm\u00e9ticos\" \/><\/a><\/div><\/li><li style = \"opacity: 0.7\" ><div style=\"height: 350px; width:550px;\"><a itemprop=\"image\" class=\"prettyphoto\" rel=\"prettyPhoto[rel-1321868168]\" href=\"https:\/\/depidor.com\/wp-content\/uploads\/2018\/03\/depidor-7.jpg\"><img decoding=\"async\" itemprop=\"image\" src=\"https:\/\/depidor.com\/wp-content\/uploads\/2018\/03\/depidor-7.jpg\" alt=\"Atrezzo Depi d'Or\" \/><\/a><\/div><\/li><li style = \"opacity: 0.7\" ><div style=\"height: 350px; width:550px;\"><a itemprop=\"image\" class=\"prettyphoto\" rel=\"prettyPhoto[rel-1321868168]\" href=\"https:\/\/depidor.com\/wp-content\/uploads\/2018\/03\/depidor-6-2.jpg\"><img decoding=\"async\" itemprop=\"image\" src=\"https:\/\/depidor.com\/wp-content\/uploads\/2018\/03\/depidor-6-2.jpg\" alt=\"Atrezzo Depi d'Or\" \/><\/a><\/div><\/li><li style = \"opacity: 0.7\" ><div style=\"height: 350px; width:550px;\"><a itemprop=\"image\" class=\"prettyphoto\" rel=\"prettyPhoto[rel-1321868168]\" href=\"https:\/\/depidor.com\/wp-content\/uploads\/2018\/03\/depidor-5-2.jpg\"><img decoding=\"async\" itemprop=\"image\" src=\"https:\/\/depidor.com\/wp-content\/uploads\/2018\/03\/depidor-5-2.jpg\" alt=\"Boxes de tratamiento\" \/><\/a><\/div><\/li><li style = \"opacity: 0.7\" ><div style=\"height: 350px; width:550px;\"><a itemprop=\"image\" class=\"prettyphoto\" rel=\"prettyPhoto[rel-1321868168]\" href=\"https:\/\/depidor.com\/wp-content\/uploads\/2018\/03\/depidor-4-1.jpg\"><img decoding=\"async\" itemprop=\"image\" src=\"https:\/\/depidor.com\/wp-content\/uploads\/2018\/03\/depidor-4-1.jpg\" alt=\"Interior del Box\" \/><\/a><\/div><\/li><li style = \"opacity: 0.7\" ><div style=\"height: 350px; width:550px;\"><a itemprop=\"image\" class=\"prettyphoto\" rel=\"prettyPhoto[rel-1321868168]\" href=\"https:\/\/depidor.com\/wp-content\/uploads\/2018\/03\/depidor-3-1.jpg\"><img decoding=\"async\" itemprop=\"image\" src=\"https:\/\/depidor.com\/wp-content\/uploads\/2018\/03\/depidor-3-1.jpg\" alt=\"zona de espera\" \/><\/a><\/div><\/li><li style = \"opacity: 0.7\" ><div style=\"height: 350px; width:350px;\"><a itemprop=\"image\" class=\"prettyphoto\" rel=\"prettyPhoto[rel-1321868168]\" href=\"https:\/\/depidor.com\/wp-content\/uploads\/2018\/03\/depidor-6-1.jpg\"><img decoding=\"async\" itemprop=\"image\" src=\"https:\/\/depidor.com\/wp-content\/uploads\/2018\/03\/depidor-6-1.jpg\" alt=\"Fachada Depi d'Or\" \/><\/a><\/div><\/li><\/ul><\/div><div class=\"controls\"><a class=\"prev-slide\" href=\"#\"><span><i class=\"fa fa-angle-left\"><\/i><\/span><\/a><a class=\"next-slide\" href=\"#\"><span><i class=\"fa fa-angle-right\"><\/i><\/span><\/a><\/div><\/div>[\/vc_column][\/vc_row][vc_row css_animation=\u00bb\u00bb row_type=\u00bbrow\u00bb use_row_as_full_screen_section=\u00bbno\u00bb type=\u00bbfull_width\u00bb angled_section=\u00bbno\u00bb text_align=\u00bbleft\u00bb background_image_as_pattern=\u00bbwithout_pattern\u00bb css=\u00bb.vc_custom_1518796747010{background-color: #ffffff !important;}\u00bb z_index=\u00bb\u00bb][vc_column][vc_row_inner row_type=\u00bbrow\u00bb type=\u00bbfull_width\u00bb text_align=\u00bbleft\u00bb css_animation=\u00bb\u00bb css=\u00bb.vc_custom_1518800131488{padding-top: 90px !important;}\u00bb][vc_column_inner offset=\u00bbvc_col-lg-offset-0 vc_col-lg-12&#8243;][vc_column_text]<\/p>\n<h2 style=\"text-align: center;\">Nuestros tratamientos<\/h2>\n<p>[\/vc_column_text][vc_empty_space height=\u00bb26px\u00bb][vc_column_text]<\/p>\n<h6 style=\"text-align: center;\">En Depi d&#8217;Or podr\u00e1 disfrutar de un \u00e1mplio abanico de tratamientos de belleza tanto para mujeres como hombre.<\/h6>\n<h6 style=\"text-align: center;\">Puedes escoger entre los diferentes tipos.<\/h6>\n<p>[\/vc_column_text][vc_empty_space height=\u00bb30px\u00bb][\/vc_column_inner][\/vc_row_inner][\/vc_column][\/vc_row][vc_row css_animation=\u00bb\u00bb row_type=\u00bbrow\u00bb use_row_as_full_screen_section=\u00bbyes\u00bb type=\u00bbfull_width\u00bb angled_section=\u00bbno\u00bb text_align=\u00bbleft\u00bb background_image_as_pattern=\u00bbwithout_pattern\u00bb side_padding=\u00bb full width only\u00bb z_index=\u00bb\u00bb css=\u00bb.vc_custom_1518799468266{background-color: #ffffff !important;}\u00bb][vc_column width=\u00bb1\/3&#8243;]<div class='image_hover ' style='' data-transition-delay=''><div class='images_holder'><a itemprop='url' href='https:\/\/depidor.com\/tratamientos\/depilacion' target='_self'><img itemprop='image' class='active_image ' src='https:\/\/depidor.com\/wp-content\/uploads\/2018\/02\/depilacion-reus.jpg' alt='' style='' \/><img itemprop='image' class='hover_image' src='https:\/\/depidor.com\/wp-content\/uploads\/2018\/02\/depilacion-reus-hover.jpg' alt='' style='' \/><\/a><\/div><\/div>[vc_empty_space height=\u00bb20px\u00bb][\/vc_column][vc_column width=\u00bb1\/3&#8243;]<div class='image_hover hovered' style='' data-transition-delay=''><div class='images_holder'><a itemprop='url' href='https:\/\/depidor.com\/tratamientos\/tratamientos-faciales' target='_self'><img itemprop='image' class='active_image ' src='https:\/\/depidor.com\/wp-content\/uploads\/2018\/02\/tratamientos-faciales-reus-1.jpg' alt='' style='' \/><img itemprop='image' class='hover_image' src='https:\/\/depidor.com\/wp-content\/uploads\/2018\/02\/tratamientos-faciales-reus-hover-1.jpg' alt='' style='' \/><\/a><\/div><\/div>[vc_empty_space height=\u00bb20px\u00bb][\/vc_column][vc_column width=\u00bb1\/3&#8243;]<div class='image_hover hovered' style='' data-transition-delay=''><div class='images_holder'><a itemprop='url' href='https:\/\/depidor.com\/tratamientos\/tratamientos-corporales' target='_self'><img itemprop='image' class='active_image ' src='https:\/\/depidor.com\/wp-content\/uploads\/2018\/02\/tratamientos-corporales-reus.jpg' alt='' style='' \/><img itemprop='image' class='hover_image' src='https:\/\/depidor.com\/wp-content\/uploads\/2018\/02\/tratamientos-corporales-reus-hover.jpg' alt='' style='' \/><\/a><\/div><\/div>[vc_empty_space height=\u00bb20px\u00bb][\/vc_column][\/vc_row][vc_row css_animation=\u00bb\u00bb row_type=\u00bbrow\u00bb use_row_as_full_screen_section=\u00bbno\u00bb type=\u00bbfull_width\u00bb angled_section=\u00bbno\u00bb text_align=\u00bbleft\u00bb background_image_as_pattern=\u00bbwithout_pattern\u00bb side_padding=\u00bb full width only\u00bb z_index=\u00bb\u00bb css=\u00bb.vc_custom_1518796738467{background-color: #ffffff !important;}\u00bb][vc_column width=\u00bb1\/3&#8243;]<div class='image_hover hovered' style='' data-transition-delay=''><div class='images_holder'><a itemprop='url' href='https:\/\/depidor.com\/tratamientos\/bronceado-solarium' target='_self'><img itemprop='image' class='active_image ' src='https:\/\/depidor.com\/wp-content\/uploads\/2018\/02\/bono-solarium-reus-1.jpg' alt='' style='' \/><img itemprop='image' class='hover_image' src='https:\/\/depidor.com\/wp-content\/uploads\/2018\/02\/bono-solarium-reus-hover-1.jpg' alt='' style='' \/><\/a><\/div><\/div>[vc_empty_space height=\u00bb20px\u00bb][\/vc_column][vc_column width=\u00bb1\/3&#8243;]<div class='image_hover ' style='' data-transition-delay=''><div class='images_holder'><a itemprop='url' href='https:\/\/depidor.com\/tratamientos\/fotodepilacion' target='_self'><img itemprop='image' class='active_image ' src='https:\/\/depidor.com\/wp-content\/uploads\/2018\/02\/fotodepilacion-en-reus.jpg' alt='' style='' \/><img itemprop='image' class='hover_image' src='https:\/\/depidor.com\/wp-content\/uploads\/2018\/02\/fotodepilacion-en-reus-hover.jpg' alt='' style='' \/><\/a><\/div><\/div>[vc_empty_space height=\u00bb20px\u00bb][\/vc_column][vc_column width=\u00bb1\/3&#8243;]<div class='image_hover hovered' style='' data-transition-delay=''><div class='images_holder'><a itemprop='url' href='https:\/\/depidor.com\/manicura-y-pedicura\/' target='_self'><img itemprop='image' class='active_image ' src='https:\/\/depidor.com\/wp-content\/uploads\/2018\/03\/manicura-pedicura-en-reus-sinhover.jpg' alt='' style='' \/><img itemprop='image' class='hover_image' src='https:\/\/depidor.com\/wp-content\/uploads\/2018\/03\/manicura-pedicura-en-reus-1.jpg' alt='' style='' \/><\/a><\/div><\/div>[\/vc_column][\/vc_row][vc_row row_type=\u00bbparallax\u00bb parallax_content_width=\u00bbfull_width\u00bb text_align=\u00bbleft\u00bb background_image=\u00bb1139&#8243; full_screen_section_height=\u00bbno\u00bb section_height=\u00bb600&#8243; parallax_speed=\u00bb1.2&#8243;][vc_column offset=\u00bbvc_hidden-sm vc_hidden-xs\u00bb][\/vc_column][\/vc_row][vc_row css_animation=\u00bb\u00bb row_type=\u00bbrow\u00bb use_row_as_full_screen_section=\u00bbno\u00bb type=\u00bbfull_width\u00bb angled_section=\u00bbno\u00bb text_align=\u00bbleft\u00bb background_image_as_pattern=\u00bbwithout_pattern\u00bb css=\u00bb.vc_custom_1521457248087{padding-top: 90px !important;background-image: url(https:\/\/depidor.com\/wp-content\/uploads\/2018\/03\/background-slider.jpg?id=526) !important;}\u00bb z_index=\u00bb\u00bb][vc_column][vc_column_text]<\/p>\n<h2 style=\"text-align: center;\">Promociones Depi d&#8217;Or<\/h2>\n<p>[\/vc_column_text][vc_empty_space height=\u00bb50px\u00bb][\/vc_column][\/vc_row]<\/p>\n<\/section>","protected":false},"excerpt":{"rendered":"<p>[vc_row css_animation=\u00bb\u00bb row_type=\u00bbrow\u00bb use_row_as_full_screen_section=\u00bbno\u00bb type=\u00bbfull_width\u00bb angled_section=\u00bbno\u00bb text_align=\u00bbleft\u00bb background_image_as_pattern=\u00bbwithout_pattern\u00bb css=\u00bb.vc_custom_1520245626965{margin-bottom: 90px !important;padding-top: 90px !important;background-color: #ffffff !important;}\u00bb z_index=\u00bb\u00bb][vc_column][vc_row_inner row_type=\u00bbrow\u00bb type=\u00bbgrid\u00bb text_align=\u00bbleft\u00bb css_animation=\u00bb\u00bb][vc_column_inner width=\u00bb1\/6&#8243;][\/vc_column_inner][vc_column_inner width=\u00bb2\/3&#8243;][vc_column_text] Un nuevo centro de depilaci\u00f3n y belleza en Reus [\/vc_column_text][vc_empty_space height=\u00bb30px\u00bb][vc_column_text el_class=\u00bbjustify\u00bb]Nuestros nuevo centro de belleza\u00a0 Depi d&#8217;Or es un espacio de culto&#8230;<\/p>\n","protected":false},"author":1,"featured_media":0,"parent":0,"menu_order":0,"comment_status":"closed","ping_status":"closed","template":"full_width.php","meta":{"_monsterinsights_skip_tracking":false,"_monsterinsights_sitenote_active":false,"_monsterinsights_sitenote_note":"","_monsterinsights_sitenote_category":0,"footnotes":""},"class_list":["post-358","page","type-page","status-publish","hentry"],"yoast_head":"<!-- This site is optimized with the Yoast SEO plugin v25.0 - https:\/\/yoast.com\/wordpress\/plugins\/seo\/ -->\n<title>Depi d&#039;Or centro de depilaci\u00f3n, tratamientos faciales, coporales, solarium<\/title>\n<meta name=\"description\" content=\"Depi d&#039;Or somos un centro de depilaci\u00f3n, tratamientos faciales como velo de col\u00e1geno, limpiezas faciales, tinte de pesta\u00f1as, corporales como son la presoterapia, electroestimulaci\u00f3n, o masajes relajantes, servicio de Solarium, manicura y pedicura, fotodepilaci\u00f3n.\" \/>\n<meta name=\"robots\" content=\"index, follow, max-snippet:-1, max-image-preview:large, max-video-preview:-1\" \/>\n<link rel=\"canonical\" href=\"https:\/\/depidor.com\/es\/\" \/>\n<meta property=\"og:locale\" content=\"es_ES\" \/>\n<meta property=\"og:type\" content=\"article\" \/>\n<meta property=\"og:title\" content=\"Depi d&#039;Or centro de depilaci\u00f3n, tratamientos faciales, coporales, solarium\" \/>\n<meta property=\"og:description\" content=\"Depi d&#039;Or somos un centro de depilaci\u00f3n, tratamientos faciales como velo de col\u00e1geno, limpiezas faciales, tinte de pesta\u00f1as, corporales como son la presoterapia, electroestimulaci\u00f3n, o masajes relajantes, servicio de Solarium, manicura y pedicura, fotodepilaci\u00f3n.\" \/>\n<meta property=\"og:url\" content=\"https:\/\/depidor.com\/es\/\" \/>\n<meta property=\"og:site_name\" content=\"Depidor centro de est\u00e9tica en Reus\" \/>\n<meta property=\"article:publisher\" content=\"https:\/\/www.facebook.com\/Depidor\/\" \/>\n<meta property=\"article:modified_time\" content=\"2018-11-16T08:36:30+00:00\" \/>\n<meta name=\"twitter:card\" content=\"summary_large_image\" \/>\n<meta name=\"twitter:label1\" content=\"Tiempo de lectura\" \/>\n\t<meta name=\"twitter:data1\" content=\"4 minutos\" \/>\n<script type=\"application\/ld+json\" class=\"yoast-schema-graph\">{\"@context\":\"https:\/\/schema.org\",\"@graph\":[{\"@type\":\"WebPage\",\"@id\":\"https:\/\/depidor.com\/es\/\",\"url\":\"https:\/\/depidor.com\/es\/\",\"name\":\"Depi d'Or centro de depilaci\u00f3n, tratamientos faciales, coporales, solarium\",\"isPartOf\":{\"@id\":\"https:\/\/depidor.com\/#website\"},\"datePublished\":\"2017-11-08T10:55:07+00:00\",\"dateModified\":\"2018-11-16T08:36:30+00:00\",\"description\":\"Depi d'Or somos un centro de depilaci\u00f3n, tratamientos faciales como velo de col\u00e1geno, limpiezas faciales, tinte de pesta\u00f1as, corporales como son la presoterapia, electroestimulaci\u00f3n, o masajes relajantes, servicio de Solarium, manicura y pedicura, fotodepilaci\u00f3n.\",\"breadcrumb\":{\"@id\":\"https:\/\/depidor.com\/es\/#breadcrumb\"},\"inLanguage\":\"es\",\"potentialAction\":[{\"@type\":\"ReadAction\",\"target\":[\"https:\/\/depidor.com\/es\/\"]}]},{\"@type\":\"BreadcrumbList\",\"@id\":\"https:\/\/depidor.com\/es\/#breadcrumb\",\"itemListElement\":[{\"@type\":\"ListItem\",\"position\":1,\"name\":\"Home\",\"item\":\"https:\/\/depidor.com\/es\/\"},{\"@type\":\"ListItem\",\"position\":2,\"name\":\"Index\"}]},{\"@type\":\"WebSite\",\"@id\":\"https:\/\/depidor.com\/#website\",\"url\":\"https:\/\/depidor.com\/\",\"name\":\"Depidor\",\"description\":\"Centro de depilaci\u00f3n y est\u00e9tica en Reus\",\"publisher\":{\"@id\":\"https:\/\/depidor.com\/#organization\"},\"potentialAction\":[{\"@type\":\"SearchAction\",\"target\":{\"@type\":\"EntryPoint\",\"urlTemplate\":\"https:\/\/depidor.com\/?s={search_term_string}\"},\"query-input\":{\"@type\":\"PropertyValueSpecification\",\"valueRequired\":true,\"valueName\":\"search_term_string\"}}],\"inLanguage\":\"es\"},{\"@type\":\"Organization\",\"@id\":\"https:\/\/depidor.com\/#organization\",\"name\":\"Depi d'Or\",\"url\":\"https:\/\/depidor.com\/\",\"logo\":{\"@type\":\"ImageObject\",\"inLanguage\":\"es\",\"@id\":\"https:\/\/depidor.com\/#\/schema\/logo\/image\/\",\"url\":\"https:\/\/depidor.com\/wp-content\/uploads\/2018\/02\/logo-1.png\",\"contentUrl\":\"https:\/\/depidor.com\/wp-content\/uploads\/2018\/02\/logo-1.png\",\"width\":300,\"height\":120,\"caption\":\"Depi d'Or\"},\"image\":{\"@id\":\"https:\/\/depidor.com\/#\/schema\/logo\/image\/\"},\"sameAs\":[\"https:\/\/www.facebook.com\/Depidor\/\",\"https:\/\/www.instagram.com\/depidor.reus\/\"]}]}<\/script>\n<!-- \/ Yoast SEO plugin. -->","yoast_head_json":{"title":"Depi d'Or centro de depilaci\u00f3n, tratamientos faciales, coporales, solarium","description":"Depi d'Or somos un centro de depilaci\u00f3n, tratamientos faciales como velo de col\u00e1geno, limpiezas faciales, tinte de pesta\u00f1as, corporales como son la presoterapia, electroestimulaci\u00f3n, o masajes relajantes, servicio de Solarium, manicura y pedicura, fotodepilaci\u00f3n.","robots":{"index":"index","follow":"follow","max-snippet":"max-snippet:-1","max-image-preview":"max-image-preview:large","max-video-preview":"max-video-preview:-1"},"canonical":"https:\/\/depidor.com\/es\/","og_locale":"es_ES","og_type":"article","og_title":"Depi d'Or centro de depilaci\u00f3n, tratamientos faciales, coporales, solarium","og_description":"Depi d'Or somos un centro de depilaci\u00f3n, tratamientos faciales como velo de col\u00e1geno, limpiezas faciales, tinte de pesta\u00f1as, corporales como son la presoterapia, electroestimulaci\u00f3n, o masajes relajantes, servicio de Solarium, manicura y pedicura, fotodepilaci\u00f3n.","og_url":"https:\/\/depidor.com\/es\/","og_site_name":"Depidor centro de est\u00e9tica en Reus","article_publisher":"https:\/\/www.facebook.com\/Depidor\/","article_modified_time":"2018-11-16T08:36:30+00:00","twitter_card":"summary_large_image","twitter_misc":{"Tiempo de lectura":"4 minutos"},"schema":{"@context":"https:\/\/schema.org","@graph":[{"@type":"WebPage","@id":"https:\/\/depidor.com\/es\/","url":"https:\/\/depidor.com\/es\/","name":"Depi d'Or centro de depilaci\u00f3n, tratamientos faciales, coporales, solarium","isPartOf":{"@id":"https:\/\/depidor.com\/#website"},"datePublished":"2017-11-08T10:55:07+00:00","dateModified":"2018-11-16T08:36:30+00:00","description":"Depi d'Or somos un centro de depilaci\u00f3n, tratamientos faciales como velo de col\u00e1geno, limpiezas faciales, tinte de pesta\u00f1as, corporales como son la presoterapia, electroestimulaci\u00f3n, o masajes relajantes, servicio de Solarium, manicura y pedicura, fotodepilaci\u00f3n.","breadcrumb":{"@id":"https:\/\/depidor.com\/es\/#breadcrumb"},"inLanguage":"es","potentialAction":[{"@type":"ReadAction","target":["https:\/\/depidor.com\/es\/"]}]},{"@type":"BreadcrumbList","@id":"https:\/\/depidor.com\/es\/#breadcrumb","itemListElement":[{"@type":"ListItem","position":1,"name":"Home","item":"https:\/\/depidor.com\/es\/"},{"@type":"ListItem","position":2,"name":"Index"}]},{"@type":"WebSite","@id":"https:\/\/depidor.com\/#website","url":"https:\/\/depidor.com\/","name":"Depidor","description":"Centro de depilaci\u00f3n y est\u00e9tica en Reus","publisher":{"@id":"https:\/\/depidor.com\/#organization"},"potentialAction":[{"@type":"SearchAction","target":{"@type":"EntryPoint","urlTemplate":"https:\/\/depidor.com\/?s={search_term_string}"},"query-input":{"@type":"PropertyValueSpecification","valueRequired":true,"valueName":"search_term_string"}}],"inLanguage":"es"},{"@type":"Organization","@id":"https:\/\/depidor.com\/#organization","name":"Depi d'Or","url":"https:\/\/depidor.com\/","logo":{"@type":"ImageObject","inLanguage":"es","@id":"https:\/\/depidor.com\/#\/schema\/logo\/image\/","url":"https:\/\/depidor.com\/wp-content\/uploads\/2018\/02\/logo-1.png","contentUrl":"https:\/\/depidor.com\/wp-content\/uploads\/2018\/02\/logo-1.png","width":300,"height":120,"caption":"Depi d'Or"},"image":{"@id":"https:\/\/depidor.com\/#\/schema\/logo\/image\/"},"sameAs":["https:\/\/www.facebook.com\/Depidor\/","https:\/\/www.instagram.com\/depidor.reus\/"]}]}},"_links":{"self":[{"href":"https:\/\/depidor.com\/es\/wp-json\/wp\/v2\/pages\/358","targetHints":{"allow":["GET"]}}],"collection":[{"href":"https:\/\/depidor.com\/es\/wp-json\/wp\/v2\/pages"}],"about":[{"href":"https:\/\/depidor.com\/es\/wp-json\/wp\/v2\/types\/page"}],"author":[{"embeddable":true,"href":"https:\/\/depidor.com\/es\/wp-json\/wp\/v2\/users\/1"}],"replies":[{"embeddable":true,"href":"https:\/\/depidor.com\/es\/wp-json\/wp\/v2\/comments?post=358"}],"version-history":[{"count":0,"href":"https:\/\/depidor.com\/es\/wp-json\/wp\/v2\/pages\/358\/revisions"}],"wp:attachment":[{"href":"https:\/\/depidor.com\/es\/wp-json\/wp\/v2\/media?parent=358"}],"curies":[{"name":"wp","href":"https:\/\/api.w.org\/{rel}","templated":true}]}}