{"id":1305,"date":"2018-03-20T17:58:08","date_gmt":"2018-03-20T16:58:08","guid":{"rendered":"https:\/\/depidor.com\/?page_id=1305"},"modified":"2018-03-21T09:58:13","modified_gmt":"2018-03-21T08:58:13","slug":"medicina-alternativa","status":"publish","type":"page","link":"https:\/\/depidor.com\/es\/medicina-alternativa\/","title":{"rendered":"Medicina alternativa"},"content":{"rendered":"<section class=\"wpb-content-wrapper\"><p>[vc_row css_animation=\u00bb\u00bb row_type=\u00bbrow\u00bb use_row_as_full_screen_section=\u00bbno\u00bb type=\u00bbfull_width\u00bb angled_section=\u00bbno\u00bb text_align=\u00bbleft\u00bb background_image_as_pattern=\u00bbwithout_pattern\u00bb css=\u00bb.vc_custom_1520940306063{padding-top: 60px !important;padding-bottom: 90px !important;}\u00bb z_index=\u00bb\u00bb][vc_column][qode_elements_holder number_of_columns=\u00bbtwo_columns\u00bb][qode_elements_holder_item vertical_alignment=\u00bbmiddle\u00bb horizontal_alignment=\u00bbcenter\u00bb advanced_animations=\u00bbno\u00bb][vc_empty_space height=\u00bb100px\u00bb][vc_column_text css=\u00bb.vc_custom_1521622588163{padding-right: 12% !important;padding-left: 15% !important;}\u00bb]<\/p>\n<h2 style=\"text-align: left; font-size: 20px; letter-spacing: 0px;\">Reiki, medicina china, chamanismo, arquetipos<\/h2>\n<h3 style=\"text-align: left;\">Medicina alternativa<\/h3>\n<p>[\/vc_column_text][vc_empty_space height=\u00bb50px\u00bb][vc_column_text el_class=\u00bbjustify\u00bb css=\u00bb.vc_custom_1521622606642{padding-right: 12% !important;padding-left: 15% !important;}\u00bb]La medicina alternativa o medicina no convencional engloba todas aquellas pr\u00e1cticas presentadas como si tuvieran los efectos sanadores de la medicina pero que no se basan en evidencias obtenidas utilizando el m\u00e9todo cient\u00edfico.[\/vc_column_text][vc_empty_space height=\u00bb15px\u00bb][vc_column_text css=\u00bb.vc_custom_1521622658642{padding-right: 12% !important;padding-left: 15% !important;}\u00bb el_class=\u00bbjustify\u00bb]Soc Anna Clusella, hace mas de 12 a\u00f1os que mi dedicaci\u00f3n es plena, mediante el Reiki, medicina china, chamanismo, arquetipos, tarot evolutivo, registros Ak\u00e1shicos, p\u00e9ndulo hebreo, cristaloterapia, reflexolog\u00eda podal y de la mano, y muchas otras mas, mi trabajo consiste en ver cu\u00e1l es la que te puede ir mejor y aplicarla. Darte las herramientas necesarias para ayudar en tu evoluci\u00f3n y crecimiento personal.[\/vc_column_text][vc_empty_space height=\u00bb15px\u00bb][vc_column_text css=\u00bb.vc_custom_1521622672848{padding-right: 12% !important;padding-left: 15% !important;}\u00bb el_class=\u00bbjustify\u00bb]Tambi\u00e9n imparto cursos y organizo viajes espirituales, en Inglaterra, Egipto y Per\u00fa, donde las pr\u00e1cticas y ense\u00f1anzas donde aprendes t\u00e9cnicas para ayudarte en tu camino.[\/vc_column_text][vc_empty_space height=\u00bb40px\u00bb][vc_column_text css=\u00bb.vc_custom_1521622690288{padding-right: 12% !important;padding-left: 15% !important;}\u00bb el_class=\u00bbjustify\u00bb]<\/p>\n<h4 style=\"color: #1f253f; font-size: 26px;\">\u00a1Llama al 689 30 82 08 para pedir cita concertada!<\/h4>\n<p>[\/vc_column_text][vc_empty_space height=\u00bb100px\u00bb][\/qode_elements_holder_item][qode_elements_holder_item vertical_alignment=\u00bbmiddle\u00bb horizontal_alignment=\u00bbleft\u00bb advanced_animations=\u00bbno\u00bb][vc_single_image image=\u00bb1316&#8243; img_size=\u00bbfull\u00bb qode_css_animation=\u00bb\u00bb][\/qode_elements_holder_item][\/qode_elements_holder][\/vc_column][\/vc_row]<\/p>\n<\/section>","protected":false},"excerpt":{"rendered":"<p>[vc_row css_animation=\u00bb\u00bb row_type=\u00bbrow\u00bb use_row_as_full_screen_section=\u00bbno\u00bb type=\u00bbfull_width\u00bb angled_section=\u00bbno\u00bb text_align=\u00bbleft\u00bb background_image_as_pattern=\u00bbwithout_pattern\u00bb css=\u00bb.vc_custom_1520940306063{padding-top: 60px !important;padding-bottom: 90px !important;}\u00bb z_index=\u00bb\u00bb][vc_column][qode_elements_holder number_of_columns=\u00bbtwo_columns\u00bb][qode_elements_holder_item vertical_alignment=\u00bbmiddle\u00bb horizontal_alignment=\u00bbcenter\u00bb advanced_animations=\u00bbno\u00bb][vc_empty_space height=\u00bb100px\u00bb][vc_column_text css=\u00bb.vc_custom_1521622588163{padding-right: 12% !important;padding-left: 15% !important;}\u00bb] Reiki, medicina china, chamanismo, arquetipos Medicina alternativa [\/vc_column_text][vc_empty_space height=\u00bb50px\u00bb][vc_column_text el_class=\u00bbjustify\u00bb css=\u00bb.vc_custom_1521622606642{padding-right: 12% !important;padding-left: 15% !important;}\u00bb]La medicina alternativa o medicina no convencional&#8230;<\/p>\n","protected":false},"author":1,"featured_media":0,"parent":0,"menu_order":0,"comment_status":"closed","ping_status":"closed","template":"full_width.php","meta":{"_monsterinsights_skip_tracking":false,"_monsterinsights_sitenote_active":false,"_monsterinsights_sitenote_note":"","_monsterinsights_sitenote_category":0,"footnotes":""},"class_list":["post-1305","page","type-page","status-publish","hentry"],"yoast_head":"<!-- This site is optimized with the Yoast SEO plugin v25.0 - https:\/\/yoast.com\/wordpress\/plugins\/seo\/ -->\n<title>Depi d&#039;Or \u00e9s un centre de depilaci\u00f3 a Reus, sense cita pr\u00e8via i en qualsevol moment<\/title>\n<meta name=\"description\" content=\"Depi d&#039;Or \u00e9s un centre de depilaci\u00f3 a Reus, amb m\u00e9s de 10 anys de trajectoria a la nostra ciutat. Per depilar-te el nostre centre no es necessari demanar hora, pots vindre en qualsevol moment.\" \/>\n<meta name=\"robots\" content=\"index, follow, max-snippet:-1, max-image-preview:large, max-video-preview:-1\" \/>\n<link rel=\"canonical\" href=\"https:\/\/depidor.com\/es\/medicina-alternativa\/\" \/>\n<meta property=\"og:locale\" content=\"es_ES\" \/>\n<meta property=\"og:type\" content=\"article\" \/>\n<meta property=\"og:title\" content=\"Depi d&#039;Or \u00e9s un centre de depilaci\u00f3 a Reus, sense cita pr\u00e8via i en qualsevol moment\" \/>\n<meta property=\"og:description\" content=\"Depi d&#039;Or \u00e9s un centre de depilaci\u00f3 a Reus, amb m\u00e9s de 10 anys de trajectoria a la nostra ciutat. Per depilar-te el nostre centre no es necessari demanar hora, pots vindre en qualsevol moment.\" \/>\n<meta property=\"og:url\" content=\"https:\/\/depidor.com\/es\/medicina-alternativa\/\" \/>\n<meta property=\"og:site_name\" content=\"Depidor centro de est\u00e9tica en Reus\" \/>\n<meta property=\"article:publisher\" content=\"https:\/\/www.facebook.com\/Depidor\/\" \/>\n<meta property=\"article:modified_time\" content=\"2018-03-21T08:58:13+00:00\" \/>\n<meta name=\"twitter:card\" content=\"summary_large_image\" \/>\n<meta name=\"twitter:label1\" content=\"Tiempo de lectura\" \/>\n\t<meta name=\"twitter:data1\" content=\"2 minutos\" \/>\n<script type=\"application\/ld+json\" class=\"yoast-schema-graph\">{\"@context\":\"https:\/\/schema.org\",\"@graph\":[{\"@type\":\"WebPage\",\"@id\":\"https:\/\/depidor.com\/es\/medicina-alternativa\/\",\"url\":\"https:\/\/depidor.com\/es\/medicina-alternativa\/\",\"name\":\"Depi d'Or \u00e9s un centre de depilaci\u00f3 a Reus, sense cita pr\u00e8via i en qualsevol moment\",\"isPartOf\":{\"@id\":\"https:\/\/depidor.com\/#website\"},\"datePublished\":\"2018-03-20T16:58:08+00:00\",\"dateModified\":\"2018-03-21T08:58:13+00:00\",\"description\":\"Depi d'Or \u00e9s un centre de depilaci\u00f3 a Reus, amb m\u00e9s de 10 anys de trajectoria a la nostra ciutat. Per depilar-te el nostre centre no es necessari demanar hora, pots vindre en qualsevol moment.\",\"breadcrumb\":{\"@id\":\"https:\/\/depidor.com\/es\/medicina-alternativa\/#breadcrumb\"},\"inLanguage\":\"es\",\"potentialAction\":[{\"@type\":\"ReadAction\",\"target\":[\"https:\/\/depidor.com\/es\/medicina-alternativa\/\"]}]},{\"@type\":\"BreadcrumbList\",\"@id\":\"https:\/\/depidor.com\/es\/medicina-alternativa\/#breadcrumb\",\"itemListElement\":[{\"@type\":\"ListItem\",\"position\":1,\"name\":\"Home\",\"item\":\"https:\/\/depidor.com\/es\/\"},{\"@type\":\"ListItem\",\"position\":2,\"name\":\"Medicina alternativa\"}]},{\"@type\":\"WebSite\",\"@id\":\"https:\/\/depidor.com\/#website\",\"url\":\"https:\/\/depidor.com\/\",\"name\":\"Depidor\",\"description\":\"Centro de depilaci\u00f3n y est\u00e9tica en Reus\",\"publisher\":{\"@id\":\"https:\/\/depidor.com\/#organization\"},\"potentialAction\":[{\"@type\":\"SearchAction\",\"target\":{\"@type\":\"EntryPoint\",\"urlTemplate\":\"https:\/\/depidor.com\/?s={search_term_string}\"},\"query-input\":{\"@type\":\"PropertyValueSpecification\",\"valueRequired\":true,\"valueName\":\"search_term_string\"}}],\"inLanguage\":\"es\"},{\"@type\":\"Organization\",\"@id\":\"https:\/\/depidor.com\/#organization\",\"name\":\"Depi d'Or\",\"url\":\"https:\/\/depidor.com\/\",\"logo\":{\"@type\":\"ImageObject\",\"inLanguage\":\"es\",\"@id\":\"https:\/\/depidor.com\/#\/schema\/logo\/image\/\",\"url\":\"https:\/\/depidor.com\/wp-content\/uploads\/2018\/02\/logo-1.png\",\"contentUrl\":\"https:\/\/depidor.com\/wp-content\/uploads\/2018\/02\/logo-1.png\",\"width\":300,\"height\":120,\"caption\":\"Depi d'Or\"},\"image\":{\"@id\":\"https:\/\/depidor.com\/#\/schema\/logo\/image\/\"},\"sameAs\":[\"https:\/\/www.facebook.com\/Depidor\/\",\"https:\/\/www.instagram.com\/depidor.reus\/\"]}]}<\/script>\n<!-- \/ Yoast SEO plugin. -->","yoast_head_json":{"title":"Depi d'Or \u00e9s un centre de depilaci\u00f3 a Reus, sense cita pr\u00e8via i en qualsevol moment","description":"Depi d'Or \u00e9s un centre de depilaci\u00f3 a Reus, amb m\u00e9s de 10 anys de trajectoria a la nostra ciutat. Per depilar-te el nostre centre no es necessari demanar hora, pots vindre en qualsevol moment.","robots":{"index":"index","follow":"follow","max-snippet":"max-snippet:-1","max-image-preview":"max-image-preview:large","max-video-preview":"max-video-preview:-1"},"canonical":"https:\/\/depidor.com\/es\/medicina-alternativa\/","og_locale":"es_ES","og_type":"article","og_title":"Depi d'Or \u00e9s un centre de depilaci\u00f3 a Reus, sense cita pr\u00e8via i en qualsevol moment","og_description":"Depi d'Or \u00e9s un centre de depilaci\u00f3 a Reus, amb m\u00e9s de 10 anys de trajectoria a la nostra ciutat. Per depilar-te el nostre centre no es necessari demanar hora, pots vindre en qualsevol moment.","og_url":"https:\/\/depidor.com\/es\/medicina-alternativa\/","og_site_name":"Depidor centro de est\u00e9tica en Reus","article_publisher":"https:\/\/www.facebook.com\/Depidor\/","article_modified_time":"2018-03-21T08:58:13+00:00","twitter_card":"summary_large_image","twitter_misc":{"Tiempo de lectura":"2 minutos"},"schema":{"@context":"https:\/\/schema.org","@graph":[{"@type":"WebPage","@id":"https:\/\/depidor.com\/es\/medicina-alternativa\/","url":"https:\/\/depidor.com\/es\/medicina-alternativa\/","name":"Depi d'Or \u00e9s un centre de depilaci\u00f3 a Reus, sense cita pr\u00e8via i en qualsevol moment","isPartOf":{"@id":"https:\/\/depidor.com\/#website"},"datePublished":"2018-03-20T16:58:08+00:00","dateModified":"2018-03-21T08:58:13+00:00","description":"Depi d'Or \u00e9s un centre de depilaci\u00f3 a Reus, amb m\u00e9s de 10 anys de trajectoria a la nostra ciutat. Per depilar-te el nostre centre no es necessari demanar hora, pots vindre en qualsevol moment.","breadcrumb":{"@id":"https:\/\/depidor.com\/es\/medicina-alternativa\/#breadcrumb"},"inLanguage":"es","potentialAction":[{"@type":"ReadAction","target":["https:\/\/depidor.com\/es\/medicina-alternativa\/"]}]},{"@type":"BreadcrumbList","@id":"https:\/\/depidor.com\/es\/medicina-alternativa\/#breadcrumb","itemListElement":[{"@type":"ListItem","position":1,"name":"Home","item":"https:\/\/depidor.com\/es\/"},{"@type":"ListItem","position":2,"name":"Medicina alternativa"}]},{"@type":"WebSite","@id":"https:\/\/depidor.com\/#website","url":"https:\/\/depidor.com\/","name":"Depidor","description":"Centro de depilaci\u00f3n y est\u00e9tica en Reus","publisher":{"@id":"https:\/\/depidor.com\/#organization"},"potentialAction":[{"@type":"SearchAction","target":{"@type":"EntryPoint","urlTemplate":"https:\/\/depidor.com\/?s={search_term_string}"},"query-input":{"@type":"PropertyValueSpecification","valueRequired":true,"valueName":"search_term_string"}}],"inLanguage":"es"},{"@type":"Organization","@id":"https:\/\/depidor.com\/#organization","name":"Depi d'Or","url":"https:\/\/depidor.com\/","logo":{"@type":"ImageObject","inLanguage":"es","@id":"https:\/\/depidor.com\/#\/schema\/logo\/image\/","url":"https:\/\/depidor.com\/wp-content\/uploads\/2018\/02\/logo-1.png","contentUrl":"https:\/\/depidor.com\/wp-content\/uploads\/2018\/02\/logo-1.png","width":300,"height":120,"caption":"Depi d'Or"},"image":{"@id":"https:\/\/depidor.com\/#\/schema\/logo\/image\/"},"sameAs":["https:\/\/www.facebook.com\/Depidor\/","https:\/\/www.instagram.com\/depidor.reus\/"]}]}},"_links":{"self":[{"href":"https:\/\/depidor.com\/es\/wp-json\/wp\/v2\/pages\/1305","targetHints":{"allow":["GET"]}}],"collection":[{"href":"https:\/\/depidor.com\/es\/wp-json\/wp\/v2\/pages"}],"about":[{"href":"https:\/\/depidor.com\/es\/wp-json\/wp\/v2\/types\/page"}],"author":[{"embeddable":true,"href":"https:\/\/depidor.com\/es\/wp-json\/wp\/v2\/users\/1"}],"replies":[{"embeddable":true,"href":"https:\/\/depidor.com\/es\/wp-json\/wp\/v2\/comments?post=1305"}],"version-history":[{"count":0,"href":"https:\/\/depidor.com\/es\/wp-json\/wp\/v2\/pages\/1305\/revisions"}],"wp:attachment":[{"href":"https:\/\/depidor.com\/es\/wp-json\/wp\/v2\/media?parent=1305"}],"curies":[{"name":"wp","href":"https:\/\/api.w.org\/{rel}","templated":true}]}}