{"id":1018,"date":"2018-03-14T11:35:01","date_gmt":"2018-03-14T10:35:01","guid":{"rendered":"https:\/\/depidor.com\/?page_id=1018"},"modified":"2022-07-28T15:33:36","modified_gmt":"2022-07-28T14:33:36","slug":"depilacion-laser-reus","status":"publish","type":"page","link":"https:\/\/depidor.com\/es\/depilacion-laser-reus\/","title":{"rendered":"Depilaci\u00f3n l\u00e1ser"},"content":{"rendered":"<section class=\"wpb-content-wrapper\"><p>[vc_row css_animation=\u00bb\u00bb row_type=\u00bbrow\u00bb use_row_as_full_screen_section=\u00bbno\u00bb type=\u00bbfull_width\u00bb angled_section=\u00bbno\u00bb text_align=\u00bbleft\u00bb background_image_as_pattern=\u00bbwithout_pattern\u00bb css=\u00bb.vc_custom_1520940306063{padding-top: 60px !important;padding-bottom: 90px !important;}\u00bb z_index=\u00bb\u00bb][vc_column][qode_elements_holder number_of_columns=\u00bbtwo_columns\u00bb][qode_elements_holder_item vertical_alignment=\u00bbmiddle\u00bb horizontal_alignment=\u00bbcenter\u00bb advanced_animations=\u00bbno\u00bb][vc_empty_space height=\u00bb100px\u00bb][vc_column_text css=\u00bb.vc_custom_1581762933761{padding-right: 12% !important;padding-left: 15% !important;}\u00bb]<\/p>\n<h2 style=\"text-align: left; font-size: 20px; letter-spacing: 0px;\">Los mejores precios en Depilaci\u00f3n l\u00e1ser en Reus<\/h2>\n<h3 style=\"text-align: left; font-size: 40px;\">Depilaci\u00f3n l\u00e1ser de diodo<\/h3>\n<p>[\/vc_column_text][vc_empty_space height=\u00bb50px\u00bb][vc_column_text el_class=\u00bbjustify\u00bb css=\u00bb.vc_custom_1521473092333{padding-right: 12% !important;padding-left: 15% !important;}\u00bb]En Depi d&#8217;Or sabes que estas cansado de los m\u00e9todos de depilaci\u00f3n tradicional, por ello, ofrecemos un nuevo m\u00e9todo de depilaci\u00f3n definitivo.[\/vc_column_text][vc_empty_space height=\u00bb15px\u00bb][vc_column_text css=\u00bb.vc_custom_1581762967569{padding-right: 12% !important;padding-left: 15% !important;}\u00bb el_class=\u00bbjustify\u00bb]La depilaci\u00f3n l\u00e1ser de diodo es apta para cualquier tipo de piel y vello. El n\u00famero de sesiones depender\u00e1 del fototipo de piel, caracter\u00edsticas del vello, y \u00e1rea donde ser desea aplicar la depilaci\u00f3n l\u00e1ser, entre otros factores.[\/vc_column_text][vc_empty_space height=\u00bb15px\u00bb][vc_column_text css=\u00bb.vc_custom_1581762981158{padding-right: 12% !important;padding-left: 15% !important;}\u00bb el_class=\u00bbjustify\u00bb]En nuestro nuevo centro, contamos con equipos de \u00faltima generaci\u00f3n en depilaci\u00f3n l\u00e1ser, as\u00ed como del equipo profesional formado para llevarla a cabo.[\/vc_column_text][vc_empty_space height=\u00bb40px\u00bb][vc_column_text css=\u00bb.vc_custom_1521473389947{padding-right: 12% !important;padding-left: 15% !important;}\u00bb el_class=\u00bbjustify\u00bb]<\/p>\n<h4 style=\"color: #1f253f; font-size: 34px;\">\u00a1Pide cita ya y en nuestro nuevo centro!<\/h4>\n<p>[\/vc_column_text][vc_empty_space height=\u00bb100px\u00bb][\/qode_elements_holder_item][qode_elements_holder_item vertical_alignment=\u00bbmiddle\u00bb horizontal_alignment=\u00bbleft\u00bb advanced_animations=\u00bbno\u00bb][vc_single_image image=\u00bb420&#8243; img_size=\u00bbfull\u00bb qode_css_animation=\u00bb\u00bb][\/qode_elements_holder_item][\/qode_elements_holder][\/vc_column][\/vc_row][vc_row row_type=\u00bbparallax\u00bb parallax_content_width=\u00bbin_grid\u00bb text_align=\u00bbcenter\u00bb background_image=\u00bb871&#8243; full_screen_section_height=\u00bbno\u00bb section_height=\u00bb400&#8243;][vc_column width=\u00bb1\/4&#8243;][\/vc_column][vc_column width=\u00bb1\/2&#8243;][vc_empty_space height=\u00bb130px\u00bb][vc_column_text]<\/p>\n<h3 style=\"text-align: center; color: #fff; font-family: 'Dancing Script'; font-weight: bold; font-size: 70px; line-height: 1.3em;\">Consulta nuestras tarifas en fotodepilaci\u00f3n<\/h3>\n<p>[\/vc_column_text][vc_empty_space height=\u00bb160px\u00bb][\/vc_column][vc_column width=\u00bb1\/4&#8243;][\/vc_column][\/vc_row][vc_row css_animation=\u00bb\u00bb row_type=\u00bbrow\u00bb use_row_as_full_screen_section=\u00bbno\u00bb type=\u00bbgrid\u00bb anchor=\u00bbtarifas\u00bb angled_section=\u00bbno\u00bb text_align=\u00bbleft\u00bb background_image_as_pattern=\u00bbwithout_pattern\u00bb z_index=\u00bb\u00bb css=\u00bb.vc_custom_1659017435230{padding-top: 90px !important;padding-bottom: 90px !important;}\u00bb el_id=\u00bbtarifas\u00bb][vc_column][vc_column_text]<\/p>\n<h3 style=\"text-align: center;\">TARIFAS DEPILACI\u00d3N L\u00c1SER<\/h3>\n<p>[\/vc_column_text][vc_separator type=\u00bbnormal\u00bb color=\u00bb#292838&#8243; thickness=\u00bb1&#8243; up=\u00bb10&#8243; down=\u00bb10&#8243;][vc_row_inner row_type=\u00bbrow\u00bb type=\u00bbfull_width\u00bb text_align=\u00bbleft\u00bb css_animation=\u00bb\u00bb][vc_column_inner width=\u00bb1\/2&#8243;][vc_single_image image=\u00bb1532&#8243; img_size=\u00bbfull\u00bb qode_css_animation=\u00bb\u00bb][\/vc_column_inner][vc_column_inner width=\u00bb1\/2&#8243;][vc_single_image image=\u00bb1534&#8243; img_size=\u00bbfull\u00bb qode_css_animation=\u00bb\u00bb][\/vc_column_inner][\/vc_row_inner][vc_empty_space height=\u00bb30px\u00bb]<a  itemprop=\"url\" href=\"https:\/\/depidor.com\/wp-content\/uploads\/2022\/07\/Precios-2022-Depidor.pdf\" target=\"_blank\" data-hover-background-color=#f3c529 data-hover-border-color=#f3c529  class=\"qbutton  large center default\" style=\"color: #ffffff; border-color: #32373c; border-radius: 25px;-moz-border-radius: 25px;-webkit-border-radius: 25px; background-color: #32373c;\">Ver tarifas<\/a>[\/vc_column][\/vc_row]<\/p>\n<\/section>","protected":false},"excerpt":{"rendered":"<p>[vc_row css_animation=\u00bb\u00bb row_type=\u00bbrow\u00bb use_row_as_full_screen_section=\u00bbno\u00bb type=\u00bbfull_width\u00bb angled_section=\u00bbno\u00bb text_align=\u00bbleft\u00bb background_image_as_pattern=\u00bbwithout_pattern\u00bb css=\u00bb.vc_custom_1520940306063{padding-top: 60px !important;padding-bottom: 90px !important;}\u00bb z_index=\u00bb\u00bb][vc_column][qode_elements_holder number_of_columns=\u00bbtwo_columns\u00bb][qode_elements_holder_item vertical_alignment=\u00bbmiddle\u00bb horizontal_alignment=\u00bbcenter\u00bb advanced_animations=\u00bbno\u00bb][vc_empty_space height=\u00bb100px\u00bb][vc_column_text css=\u00bb.vc_custom_1581762933761{padding-right: 12% !important;padding-left: 15% !important;}\u00bb] Los mejores precios en Depilaci\u00f3n l\u00e1ser en Reus Depilaci\u00f3n l\u00e1ser de diodo [\/vc_column_text][vc_empty_space height=\u00bb50px\u00bb][vc_column_text el_class=\u00bbjustify\u00bb css=\u00bb.vc_custom_1521473092333{padding-right: 12% !important;padding-left: 15% !important;}\u00bb]En Depi&#8230;<\/p>\n","protected":false},"author":1,"featured_media":0,"parent":0,"menu_order":0,"comment_status":"closed","ping_status":"closed","template":"full_width.php","meta":{"_monsterinsights_skip_tracking":false,"_monsterinsights_sitenote_active":false,"_monsterinsights_sitenote_note":"","_monsterinsights_sitenote_category":0,"footnotes":""},"class_list":["post-1018","page","type-page","status-publish","hentry"],"yoast_head":"<!-- This site is optimized with the Yoast SEO plugin v25.0 - https:\/\/yoast.com\/wordpress\/plugins\/seo\/ -->\n<title>Depilaci\u00f3n L\u00e1ser de Diodo en Reus de \u00daltima Generaci\u00f3n | Depi d&#039;Or<\/title>\n<meta name=\"description\" content=\"Depilaci\u00f3n L\u00e1ser de Diodo en Reus de \u00daltima Generaci\u00f3n. Brazos enteros de mujer por 50 \u20ac, piernas enteras de mujer por 95 \u20ac.\" \/>\n<meta name=\"robots\" content=\"index, follow, max-snippet:-1, max-image-preview:large, max-video-preview:-1\" \/>\n<link rel=\"canonical\" href=\"https:\/\/depidor.com\/es\/depilacion-laser-reus\/\" \/>\n<meta property=\"og:locale\" content=\"es_ES\" \/>\n<meta property=\"og:type\" content=\"article\" \/>\n<meta property=\"og:title\" content=\"Depilaci\u00f3n L\u00e1ser de Diodo en Reus de \u00daltima Generaci\u00f3n | Depi d&#039;Or\" \/>\n<meta property=\"og:description\" content=\"Depilaci\u00f3n L\u00e1ser de Diodo en Reus de \u00daltima Generaci\u00f3n. Brazos enteros de mujer por 50 \u20ac, piernas enteras de mujer por 95 \u20ac.\" \/>\n<meta property=\"og:url\" content=\"https:\/\/depidor.com\/es\/depilacion-laser-reus\/\" \/>\n<meta property=\"og:site_name\" content=\"Depidor centro de est\u00e9tica en Reus\" \/>\n<meta property=\"article:publisher\" content=\"https:\/\/www.facebook.com\/Depidor\/\" \/>\n<meta property=\"article:modified_time\" content=\"2022-07-28T14:33:36+00:00\" \/>\n<meta name=\"twitter:card\" content=\"summary_large_image\" \/>\n<meta name=\"twitter:label1\" content=\"Tiempo de lectura\" \/>\n\t<meta name=\"twitter:data1\" content=\"1 minuto\" \/>\n<script type=\"application\/ld+json\" class=\"yoast-schema-graph\">{\"@context\":\"https:\/\/schema.org\",\"@graph\":[{\"@type\":\"WebPage\",\"@id\":\"https:\/\/depidor.com\/es\/depilacion-laser-reus\/\",\"url\":\"https:\/\/depidor.com\/es\/depilacion-laser-reus\/\",\"name\":\"Depilaci\u00f3n L\u00e1ser de Diodo en Reus de \u00daltima Generaci\u00f3n | Depi d'Or\",\"isPartOf\":{\"@id\":\"https:\/\/depidor.com\/#website\"},\"datePublished\":\"2018-03-14T10:35:01+00:00\",\"dateModified\":\"2022-07-28T14:33:36+00:00\",\"description\":\"Depilaci\u00f3n L\u00e1ser de Diodo en Reus de \u00daltima Generaci\u00f3n. Brazos enteros de mujer por 50 \u20ac, piernas enteras de mujer por 95 \u20ac.\",\"breadcrumb\":{\"@id\":\"https:\/\/depidor.com\/es\/depilacion-laser-reus\/#breadcrumb\"},\"inLanguage\":\"es\",\"potentialAction\":[{\"@type\":\"ReadAction\",\"target\":[\"https:\/\/depidor.com\/es\/depilacion-laser-reus\/\"]}]},{\"@type\":\"BreadcrumbList\",\"@id\":\"https:\/\/depidor.com\/es\/depilacion-laser-reus\/#breadcrumb\",\"itemListElement\":[{\"@type\":\"ListItem\",\"position\":1,\"name\":\"Home\",\"item\":\"https:\/\/depidor.com\/es\/\"},{\"@type\":\"ListItem\",\"position\":2,\"name\":\"Depilaci\u00f3n l\u00e1ser\"}]},{\"@type\":\"WebSite\",\"@id\":\"https:\/\/depidor.com\/#website\",\"url\":\"https:\/\/depidor.com\/\",\"name\":\"Depidor\",\"description\":\"Centro de depilaci\u00f3n y est\u00e9tica en Reus\",\"publisher\":{\"@id\":\"https:\/\/depidor.com\/#organization\"},\"potentialAction\":[{\"@type\":\"SearchAction\",\"target\":{\"@type\":\"EntryPoint\",\"urlTemplate\":\"https:\/\/depidor.com\/?s={search_term_string}\"},\"query-input\":{\"@type\":\"PropertyValueSpecification\",\"valueRequired\":true,\"valueName\":\"search_term_string\"}}],\"inLanguage\":\"es\"},{\"@type\":\"Organization\",\"@id\":\"https:\/\/depidor.com\/#organization\",\"name\":\"Depi d'Or\",\"url\":\"https:\/\/depidor.com\/\",\"logo\":{\"@type\":\"ImageObject\",\"inLanguage\":\"es\",\"@id\":\"https:\/\/depidor.com\/#\/schema\/logo\/image\/\",\"url\":\"https:\/\/depidor.com\/wp-content\/uploads\/2018\/02\/logo-1.png\",\"contentUrl\":\"https:\/\/depidor.com\/wp-content\/uploads\/2018\/02\/logo-1.png\",\"width\":300,\"height\":120,\"caption\":\"Depi d'Or\"},\"image\":{\"@id\":\"https:\/\/depidor.com\/#\/schema\/logo\/image\/\"},\"sameAs\":[\"https:\/\/www.facebook.com\/Depidor\/\",\"https:\/\/www.instagram.com\/depidor.reus\/\"]}]}<\/script>\n<!-- \/ Yoast SEO plugin. -->","yoast_head_json":{"title":"Depilaci\u00f3n L\u00e1ser de Diodo en Reus de \u00daltima Generaci\u00f3n | Depi d'Or","description":"Depilaci\u00f3n L\u00e1ser de Diodo en Reus de \u00daltima Generaci\u00f3n. Brazos enteros de mujer por 50 \u20ac, piernas enteras de mujer por 95 \u20ac.","robots":{"index":"index","follow":"follow","max-snippet":"max-snippet:-1","max-image-preview":"max-image-preview:large","max-video-preview":"max-video-preview:-1"},"canonical":"https:\/\/depidor.com\/es\/depilacion-laser-reus\/","og_locale":"es_ES","og_type":"article","og_title":"Depilaci\u00f3n L\u00e1ser de Diodo en Reus de \u00daltima Generaci\u00f3n | Depi d'Or","og_description":"Depilaci\u00f3n L\u00e1ser de Diodo en Reus de \u00daltima Generaci\u00f3n. Brazos enteros de mujer por 50 \u20ac, piernas enteras de mujer por 95 \u20ac.","og_url":"https:\/\/depidor.com\/es\/depilacion-laser-reus\/","og_site_name":"Depidor centro de est\u00e9tica en Reus","article_publisher":"https:\/\/www.facebook.com\/Depidor\/","article_modified_time":"2022-07-28T14:33:36+00:00","twitter_card":"summary_large_image","twitter_misc":{"Tiempo de lectura":"1 minuto"},"schema":{"@context":"https:\/\/schema.org","@graph":[{"@type":"WebPage","@id":"https:\/\/depidor.com\/es\/depilacion-laser-reus\/","url":"https:\/\/depidor.com\/es\/depilacion-laser-reus\/","name":"Depilaci\u00f3n L\u00e1ser de Diodo en Reus de \u00daltima Generaci\u00f3n | Depi d'Or","isPartOf":{"@id":"https:\/\/depidor.com\/#website"},"datePublished":"2018-03-14T10:35:01+00:00","dateModified":"2022-07-28T14:33:36+00:00","description":"Depilaci\u00f3n L\u00e1ser de Diodo en Reus de \u00daltima Generaci\u00f3n. Brazos enteros de mujer por 50 \u20ac, piernas enteras de mujer por 95 \u20ac.","breadcrumb":{"@id":"https:\/\/depidor.com\/es\/depilacion-laser-reus\/#breadcrumb"},"inLanguage":"es","potentialAction":[{"@type":"ReadAction","target":["https:\/\/depidor.com\/es\/depilacion-laser-reus\/"]}]},{"@type":"BreadcrumbList","@id":"https:\/\/depidor.com\/es\/depilacion-laser-reus\/#breadcrumb","itemListElement":[{"@type":"ListItem","position":1,"name":"Home","item":"https:\/\/depidor.com\/es\/"},{"@type":"ListItem","position":2,"name":"Depilaci\u00f3n l\u00e1ser"}]},{"@type":"WebSite","@id":"https:\/\/depidor.com\/#website","url":"https:\/\/depidor.com\/","name":"Depidor","description":"Centro de depilaci\u00f3n y est\u00e9tica en Reus","publisher":{"@id":"https:\/\/depidor.com\/#organization"},"potentialAction":[{"@type":"SearchAction","target":{"@type":"EntryPoint","urlTemplate":"https:\/\/depidor.com\/?s={search_term_string}"},"query-input":{"@type":"PropertyValueSpecification","valueRequired":true,"valueName":"search_term_string"}}],"inLanguage":"es"},{"@type":"Organization","@id":"https:\/\/depidor.com\/#organization","name":"Depi d'Or","url":"https:\/\/depidor.com\/","logo":{"@type":"ImageObject","inLanguage":"es","@id":"https:\/\/depidor.com\/#\/schema\/logo\/image\/","url":"https:\/\/depidor.com\/wp-content\/uploads\/2018\/02\/logo-1.png","contentUrl":"https:\/\/depidor.com\/wp-content\/uploads\/2018\/02\/logo-1.png","width":300,"height":120,"caption":"Depi d'Or"},"image":{"@id":"https:\/\/depidor.com\/#\/schema\/logo\/image\/"},"sameAs":["https:\/\/www.facebook.com\/Depidor\/","https:\/\/www.instagram.com\/depidor.reus\/"]}]}},"_links":{"self":[{"href":"https:\/\/depidor.com\/es\/wp-json\/wp\/v2\/pages\/1018","targetHints":{"allow":["GET"]}}],"collection":[{"href":"https:\/\/depidor.com\/es\/wp-json\/wp\/v2\/pages"}],"about":[{"href":"https:\/\/depidor.com\/es\/wp-json\/wp\/v2\/types\/page"}],"author":[{"embeddable":true,"href":"https:\/\/depidor.com\/es\/wp-json\/wp\/v2\/users\/1"}],"replies":[{"embeddable":true,"href":"https:\/\/depidor.com\/es\/wp-json\/wp\/v2\/comments?post=1018"}],"version-history":[{"count":2,"href":"https:\/\/depidor.com\/es\/wp-json\/wp\/v2\/pages\/1018\/revisions"}],"predecessor-version":[{"id":1547,"href":"https:\/\/depidor.com\/es\/wp-json\/wp\/v2\/pages\/1018\/revisions\/1547"}],"wp:attachment":[{"href":"https:\/\/depidor.com\/es\/wp-json\/wp\/v2\/media?parent=1018"}],"curies":[{"name":"wp","href":"https:\/\/api.w.org\/{rel}","templated":true}]}}